{"id":10,"date":"2021-01-14T11:05:54","date_gmt":"2021-01-14T11:05:54","guid":{"rendered":"https:\/\/iotoys.shop\/?post_type=product&#038;p=10"},"modified":"2021-02-01T21:19:05","modified_gmt":"2021-02-01T21:19:05","slug":"io-gel-100ml-bottle","status":"publish","type":"product","link":"https:\/\/iotoys.shop\/de\/produkt\/io-gel-100ml-bottle\/","title":{"rendered":"iO\u2122 Gel Gleitmittel 100ml"},"content":{"rendered":"<p>sehr ergiebig<br \/>\nzur Anwendung mit Latex Kondomen geeignet<br \/>\nklebt nicht und trocknet nicht aus<br \/>\ngeschmacksneutral<br \/>\nFarb- und geruchlos<br \/>\nextrem lang anhaltende Gleitf\u00e4higkeit<\/p>\n<p>Produktbeschreibung:<br \/>\nDas iO\u2122 Gleitgel auf Wasserbasis unterst\u00fctzt die nat\u00fcrliche Gleitf\u00e4higkeit. Seine fettfreie und \u00f6lfreie Rezeptur hinterl\u00e4sst keine Flecken in der Bettw\u00e4sche und Unterw\u00e4sche. Es l\u00e4sst sich problemlos mit Wasser wieder abwaschen.<\/p>\n<p>Der pH-Wert des Gleitmittels wurde auf den vaginalen pH-Wert optimiert, um h\u00f6chste Vertr\u00e4glichkeit zu garantieren.<br \/>\nDas sensitive Gleitgel ist geruchs- und geschmacksneutral und frei von k\u00fcnstlichen Aromen, besonders Allergiker-geeignet.<\/p>\n<p>Der hygienische Disc-Top Verschluss l\u00e4sst eine genaue Dosierung des Gleitgels zu. Das Gleitgel f\u00fchlt sich angenehm auf der Haut an, ohne zu kleben und hinterl\u00e4sst ein angenehmes Gef\u00fchl. Das auf Wasser basierende Gleitmittel ist zu 100% Kondom geeignet. Es ist auch mit Latex-Kondomen verwendbar. Das iO\u2122 Gleitgel eignet sich zur Verwendung mit Sexspielzeug \/ Sex toys aus Silikon oder Latex. Das Wasser Basis Gleitgel unterst\u00fctzt bei der Masturbation oder Intimmassagen.<\/p>\n<p>Schwangerschaft und Kondome: Das wasserbasierende Gleitgel von iO\u2122 eignet sich hervorragend zur Anwendung mit Latex-Kondomen. Das wasserbasierte Gleitgel kann uneingeschr\u00e4nkt w\u00e4hrend der Schwangerschaft verwendet werden und eignet sich ebenfalls als pflegendes Intimgel bei vaginaler Trockenheit. Gleitgel wird als Hilfsmittel zum Einf\u00fchren von Tampons oder Menstruationstassen in die Vagina empfohlen.<\/p>\n<p>Herstellung aus Deutschland: Das iO\u2122 Gleitgel auf Wasserbasis wurde in Deutschland entwickelt und wird in Deutschland unter h\u00f6chsten Qualit\u00e4tsstandards produziert. iO\u2122 Gleitgel ist ein Medizinprodukt der Klasse 1.<\/p>\n<p>Die Herstellung des Gleitgels in Deutschland garantiert h\u00f6chste Produktqualit\u00e4t.<\/p>\n<p>Qualit\u00e4t: Sollten Sie Fragen zu diesem Produkt haben, nehmen Sie Kontakt zu uns auf.<\/p>","protected":false},"excerpt":{"rendered":"<p>Gleitmittel auf Wasserbasis<br \/>\nGeschmack: Neutral<br \/>\nDosierart: Flasche<br \/>\nAnwendungsbereich: Kondomvertr\u00e4glich<br \/>\nMarke: iO\u2122 Gel<br \/>\nGleitgel Basis: Wasser<br \/>\nGleitmittel Basis: Wasser<\/p>","protected":false},"featured_media":566,"template":"","meta":[],"class_list":["post-10","product","type-product","status-publish","has-post-thumbnail","hentry","product_cat-gel","product_tag-gel","product_tag-iowlgl04002","product_tag-waterbased","pa_package-1-pack","pa_package-3-packs"],"yoast_head":"<!-- This site is optimized with the Yoast SEO plugin v15.9 - https:\/\/yoast.com\/wordpress\/plugins\/seo\/ -->\n<title>iO\u2122 Gel 100ml Bottle - iO Toys Shop<\/title>\n<meta name=\"robots\" content=\"index, follow, max-snippet:-1, max-image-preview:large, max-video-preview:-1\" \/>\n<link rel=\"canonical\" href=\"https:\/\/iotoys.shop\/de\/produkt\/io-gel-100ml-bottle\/\" \/>\n<meta property=\"og:locale\" content=\"de_DE\" \/>\n<meta property=\"og:type\" content=\"article\" \/>\n<meta property=\"og:title\" content=\"iO\u2122 Gel 100ml Bottle - iO Toys Shop\" \/>\n<meta property=\"og:description\" content=\"Water-based gel lubricant Taste: Neutral Packaging Type: Bottle Usage: Condom Compatible Brand: iO\u2122 Gel Lubricant Gel Base: Water Lubricant Base: Water\" \/>\n<meta property=\"og:url\" content=\"https:\/\/iotoys.shop\/de\/produkt\/io-gel-100ml-bottle\/\" \/>\n<meta property=\"og:site_name\" content=\"iO Toys Shop\" \/>\n<meta property=\"article:modified_time\" content=\"2021-02-01T21:19:05+00:00\" \/>\n<meta property=\"og:image\" content=\"https:\/\/iotoys.shop\/wp-content\/uploads\/2021\/01\/Gel-100ml-Bottle-Single.jpg\" \/>\n\t<meta property=\"og:image:width\" content=\"1000\" \/>\n\t<meta property=\"og:image:height\" content=\"1363\" \/>\n<meta name=\"twitter:card\" content=\"summary_large_image\" \/>\n<meta name=\"twitter:label1\" content=\"Gesch\u00e4tzte Lesezeit\">\n\t<meta name=\"twitter:data1\" content=\"1\u00a0Minute\">\n<script type=\"application\/ld+json\" class=\"yoast-schema-graph\">{\"@context\":\"https:\/\/schema.org\",\"@graph\":[{\"@type\":\"WebSite\",\"@id\":\"https:\/\/iotoys.shop\/#website\",\"url\":\"https:\/\/iotoys.shop\/\",\"name\":\"iO Toys Shop\",\"description\":\"iO Adult Toys\",\"potentialAction\":[{\"@type\":\"SearchAction\",\"target\":\"https:\/\/iotoys.shop\/?s={search_term_string}\",\"query-input\":\"required name=search_term_string\"}],\"inLanguage\":\"de\"},{\"@type\":\"ImageObject\",\"@id\":\"https:\/\/iotoys.shop\/product\/io-gel-100ml-bottle\/#primaryimage\",\"inLanguage\":\"de\",\"url\":\"https:\/\/iotoys.shop\/wp-content\/uploads\/2021\/01\/Gel-100ml-Bottle-Single.jpg\",\"width\":1000,\"height\":1363},{\"@type\":\"WebPage\",\"@id\":\"https:\/\/iotoys.shop\/product\/io-gel-100ml-bottle\/#webpage\",\"url\":\"https:\/\/iotoys.shop\/product\/io-gel-100ml-bottle\/\",\"name\":\"iO\\u2122 Gel 100ml Bottle - iO Toys Shop\",\"isPartOf\":{\"@id\":\"https:\/\/iotoys.shop\/#website\"},\"primaryImageOfPage\":{\"@id\":\"https:\/\/iotoys.shop\/product\/io-gel-100ml-bottle\/#primaryimage\"},\"datePublished\":\"2021-01-14T11:05:54+00:00\",\"dateModified\":\"2021-02-01T21:19:05+00:00\",\"breadcrumb\":{\"@id\":\"https:\/\/iotoys.shop\/product\/io-gel-100ml-bottle\/#breadcrumb\"},\"inLanguage\":\"de\",\"potentialAction\":[{\"@type\":\"ReadAction\",\"target\":[\"https:\/\/iotoys.shop\/product\/io-gel-100ml-bottle\/\"]}]},{\"@type\":\"BreadcrumbList\",\"@id\":\"https:\/\/iotoys.shop\/product\/io-gel-100ml-bottle\/#breadcrumb\",\"itemListElement\":[{\"@type\":\"ListItem\",\"position\":1,\"item\":{\"@type\":\"WebPage\",\"@id\":\"https:\/\/iotoys.shop\/\",\"url\":\"https:\/\/iotoys.shop\/\",\"name\":\"Home\"}},{\"@type\":\"ListItem\",\"position\":2,\"item\":{\"@type\":\"WebPage\",\"@id\":\"https:\/\/iotoys.shop\/shop\/\",\"url\":\"https:\/\/iotoys.shop\/shop\/\",\"name\":\"iO\\u2122 Toys Shop\"}},{\"@type\":\"ListItem\",\"position\":3,\"item\":{\"@type\":\"WebPage\",\"@id\":\"https:\/\/iotoys.shop\/product\/io-gel-100ml-bottle\/\",\"url\":\"https:\/\/iotoys.shop\/product\/io-gel-100ml-bottle\/\",\"name\":\"iO\\u2122 Gel 100ml Bottle\"}}]}]}<\/script>\n<!-- \/ Yoast SEO plugin. -->","_links":{"self":[{"href":"https:\/\/iotoys.shop\/de\/wp-json\/wp\/v2\/product\/10","targetHints":{"allow":["GET"]}}],"collection":[{"href":"https:\/\/iotoys.shop\/de\/wp-json\/wp\/v2\/product"}],"about":[{"href":"https:\/\/iotoys.shop\/de\/wp-json\/wp\/v2\/types\/product"}],"wp:featuredmedia":[{"embeddable":true,"href":"https:\/\/iotoys.shop\/de\/wp-json\/wp\/v2\/media\/566"}],"wp:attachment":[{"href":"https:\/\/iotoys.shop\/de\/wp-json\/wp\/v2\/media?parent=10"}],"curies":[{"name":"wp","href":"https:\/\/api.w.org\/{rel}","templated":true}]}}